{"id":6136,"date":"2025-02-08T15:00:40","date_gmt":"2025-02-08T12:00:40","guid":{"rendered":"https:\/\/relaxparts.com\/?page_id=6136"},"modified":"2025-02-08T15:05:35","modified_gmt":"2025-02-08T12:05:35","slug":"blog","status":"publish","type":"page","link":"https:\/\/relaxparts.com\/tr\/blog\/","title":{"rendered":"Blog"},"content":{"rendered":"<section class=\"wpb-content-wrapper\"><p>[vc_row][vc_column]<div id=\"cz_21152\" class=\"cz_21152\"><div class=\"cz_grid cz_grid_1 clr cz_grid_c4 cz_grid_1_title_sub_after cz_grid_1_has_excerpt cz_grid_1_no_icon cz_grid_1_bot tal\" data-atts='{\"action\":\"cz_ajax_posts\",\"post_class\":\"cz_grid_item\",\"post__in\":null,\"author__in\":null,\"nonce\":\"5125aed9cd\",\"nonce_id\":\"cz_21152\",\"loadmore_end\":\"Not found more posts\",\"layout\":\"cz_grid_c4\",\"hover\":\"cz_grid_1_title_sub_after cz_grid_1_has_excerpt cz_grid_1_no_icon\",\"image_size\":\"codevz_600_600\",\"subtitles\":\"%5B%7B%22t%22%3A%22date%22%7D%5D\",\"subtitle_pos\":\"\",\"icon\":\"fa fa-search\",\"el\":\"70\",\"title_lenght\":\"\",\"cat_tax\":\"category\",\"cat\":\"\",\"cat_exclude\":\"\",\"tag_tax\":\"post_tag\",\"tag_id\":\"\",\"tag_exclude\":\"\",\"post_type\":\"post\",\"posts_per_page\":\"\",\"order\":\"DESC\",\"orderby\":\"date\",\"tilt_data\":null,\"svg_sizes\":[\"600\",\"600\"],\"img_fx\":\"\",\"custom_size\":\"\",\"excerpt_rm\":false,\"title_tag\":\"h3\",\"s\":\"\"}'><div class=\"cz_grid_item cz_grid_first\"><\/div><div data-id=\"6166\" class=\"cz_grid_item  cz_posts_list_even post-6166 post type-post status-publish format-standard has-post-thumbnail hentry category-semi-trailer-axle tag-relax-axle tag-semi-trailer-axle tag-semi-trailer-axles tag-semi-trailer-brake-disc tag-semi-trailer-brake-drum tag-semi-trailer-hydraulic-steering tag-semi-trailer-king-pin tag-semi-trailer-landing-gear tag-semi-trailer-landing-leg tag-semi-trailer-shock-absorber tag-semi-trailer-slack-adjuster tag-semi-trailer-spare-parts tag-semi-trailer-steering-axle tag-semi-trailer-tool-box tag-trailer-axle\"><div class=\"clr\"><a class=\"cz_grid_link\" href=\"https:\/\/relaxparts.com\/tr\/semi-trailer-axle\/\" title=\"(English) Semi Trailer Axle\"><img decoding=\"async\" width=\"600\" height=\"600\" src=\"data:image\/svg+xml,%3Csvg%20xmlns%3D&#39;http%3A%2F%2Fwww.w3.org%2F2000%2Fsvg&#39;%20width=&#39;600&#39;%20height=&#39;600&#39;%20viewBox%3D&#39;0%200%20600%20600&#39;%2F%3E\" data-czlz data-src=\"https:\/\/relaxparts.com\/wp-content\/uploads\/2025\/08\/semi-trailer-axle-disc-brake1-min-min-600x600.jpg\" class=\"attachment-codevz_600_600\" alt=\"Semi Trailer axle\" title=\"Semi Trailer axle\" data-srcset=\"https:\/\/relaxparts.com\/wp-content\/uploads\/2025\/08\/semi-trailer-axle-disc-brake1-min-min-600x600.jpg 600w, https:\/\/relaxparts.com\/wp-content\/uploads\/2025\/08\/semi-trailer-axle-disc-brake1-min-min-150x150.jpg 150w, https:\/\/relaxparts.com\/wp-content\/uploads\/2025\/08\/semi-trailer-axle-disc-brake1-min-min-300x300.jpg 300w, https:\/\/relaxparts.com\/wp-content\/uploads\/2025\/08\/semi-trailer-axle-disc-brake1-min-min-100x100.jpg 100w\" data-sizes=\"(max-width: 600px) 100vw, 600px\" \/><div class=\"cz_grid_details\"><i class=\"fa fa-search cz_grid_icon\"><\/i><\/div><\/a><div class=\"cz_grid_details cz_grid_details_outside\"><a class=\"cz_grid_title\" href=\"https:\/\/relaxparts.com\/tr\/semi-trailer-axle\/\"><h3>(English) Semi Trailer Axle<\/h3><\/a><small class=\"clr\"><span class=\"cz_post_data cz_data_date\"><a href=\"https:\/\/relaxparts.com\/tr\/semi-trailer-axle\/\">30 A\u011fustos 2025<\/a><\/span><\/small><div class=\"cz_post_excerpt\">Sorry, this entry is only available in English. <\/div><\/div><\/div><\/div><div data-id=\"6164\" class=\"cz_grid_item  cz_posts_list_odd post-6164 post type-post status-publish format-standard has-post-thumbnail hentry category-semi-trailer-landing-gear tag-semi-trailer-axle tag-semi-trailer-king-pin tag-semi-trailer-landing-gear tag-semi-trailer-landing-leg tag-semi-trailer-shock-absorber tag-semi-trailer-slack-adjuster tag-semi-trailer-spare-parts tag-semi-trailer-tool-box\"><div class=\"clr\"><a class=\"cz_grid_link\" href=\"https:\/\/relaxparts.com\/tr\/semi-trailer-landing-gear\/\" title=\"(English) Semi Trailer Landing Gear\"><img decoding=\"async\" width=\"600\" height=\"600\" src=\"data:image\/svg+xml,%3Csvg%20xmlns%3D&#39;http%3A%2F%2Fwww.w3.org%2F2000%2Fsvg&#39;%20width=&#39;600&#39;%20height=&#39;600&#39;%20viewBox%3D&#39;0%200%20600%20600&#39;%2F%3E\" data-czlz data-src=\"https:\/\/relaxparts.com\/wp-content\/uploads\/2025\/08\/landing-gear4-min-min-600x600.jpg\" class=\"attachment-codevz_600_600\" alt=\"Semi Trailer landing gear\" title=\"Semi Trailer landing gear\" data-srcset=\"https:\/\/relaxparts.com\/wp-content\/uploads\/2025\/08\/landing-gear4-min-min-600x600.jpg 600w, https:\/\/relaxparts.com\/wp-content\/uploads\/2025\/08\/landing-gear4-min-min-150x150.jpg 150w, https:\/\/relaxparts.com\/wp-content\/uploads\/2025\/08\/landing-gear4-min-min-300x300.jpg 300w, https:\/\/relaxparts.com\/wp-content\/uploads\/2025\/08\/landing-gear4-min-min-100x100.jpg 100w\" data-sizes=\"(max-width: 600px) 100vw, 600px\" \/><div class=\"cz_grid_details\"><i class=\"fa fa-search cz_grid_icon\"><\/i><\/div><\/a><div class=\"cz_grid_details cz_grid_details_outside\"><a class=\"cz_grid_title\" href=\"https:\/\/relaxparts.com\/tr\/semi-trailer-landing-gear\/\"><h3>(English) Semi Trailer Landing Gear<\/h3><\/a><small class=\"clr\"><span class=\"cz_post_data cz_data_date\"><a href=\"https:\/\/relaxparts.com\/tr\/semi-trailer-landing-gear\/\">30 A\u011fustos 2025<\/a><\/span><\/small><div class=\"cz_post_excerpt\">Sorry, this entry is only available in English. <\/div><\/div><\/div><\/div><div data-id=\"6161\" class=\"cz_grid_item  cz_posts_list_even post-6161 post type-post status-publish format-standard hentry category-wabco-ebs tag-480-102-030-0 tag-480-102-030-7 tag-480-102-031-0 tag-480-102-032-0 tag-480-102-033-0 tag-480-102-034-0 tag-480-102-035-0 tag-480-102-036-0 tag-480-102-060-0 tag-480-102-060-7 tag-480-102-061-0 tag-480-102-062-0 tag-480-102-063-0 tag-480-102-064-0 tag-480-102-065-0 tag-480-102-066-0 tag-480-102-080-0 tag-480-102-084-0 tag-126 tag-127 tag-128 tag-129 tag-130 tag-131 tag-132 tag-133 tag-134 tag-135 tag-136 tag-137 tag-138 tag-139 tag-140 tag-141 tag-142 tag-143\"><div class=\"clr\"><a class=\"cz_grid_link\" href=\"https:\/\/relaxparts.com\/tr\/wabco-ebs-abs\/\" title=\"(English) WABCO EBS ABS\"><img decoding=\"async\" src=\"data:image\/svg+xml,%3Csvg%20xmlns%3D&#39;http%3A%2F%2Fwww.w3.org%2F2000%2Fsvg&#39;%20width=&#39;1000&#39;%20height=&#39;1000&#39;%20viewBox%3D&#39;0%200%201000%201000&#39;%2F%3E\" data-czlz data-src=\"https:\/\/relaxparts.com\/wp-content\/plugins\/codevz-plus\/assets\/img\/p.svg\" class=\"xtra-placeholder \" width=\"1000\" height=\"1000\" alt=\"image\" \/><div class=\"cz_grid_details\"><i class=\"fa fa-search cz_grid_icon\"><\/i><\/div><\/a><div class=\"cz_grid_details cz_grid_details_outside\"><a class=\"cz_grid_title\" href=\"https:\/\/relaxparts.com\/tr\/wabco-ebs-abs\/\"><h3>(English) WABCO EBS ABS<\/h3><\/a><small class=\"clr\"><span class=\"cz_post_data cz_data_date\"><a href=\"https:\/\/relaxparts.com\/tr\/wabco-ebs-abs\/\">5 A\u011fustos 2025<\/a><\/span><\/small><div class=\"cz_post_excerpt\">Sorry, this entry is only available in English. <\/div><\/div><\/div><\/div><div data-id=\"6159\" class=\"cz_grid_item  cz_posts_list_odd post-6159 post type-post status-publish format-standard hentry category-disc-brake-pad tag-daf-1439324 tag-daf-1617343 tag-daf-1797053 tag-daf-1878030 tag-iveco-2992348 tag-iveco-2992476 tag-iveco-2995637 tag-iveco-2995809 tag-iveco-2995819 tag-iveco-2995938 tag-iveco-2996378 tag-iveco-2996515 tag-iveco-41211278 tag-iveco-500054632 tag-kassbohrer-8285515573 tag-man-1014015973 tag-man-81508206030 tag-man-81508206032 tag-man-81508206033 tag-man-81508206055 tag-man-81508206056 tag-man-81508206061 tag-mercedes-24204920 tag-mercedes-24207720 tag-mercedes-34201020 tag-mercedes-34201620 tag-mercedes-34202020 tag-mercedes-34202220 tag-mercedes-34203520 tag-mercedes-4214310 tag-mercedes-44201020 tag-mercedes-44202220 tag-mercedes-44206020 tag-mercedes-64201020 tag-mercedes-64201120 tag-mercedes-a0004214310 tag-mercedes-a0024204920 tag-mercedes-a0024207720 tag-mercedes-a0034201020 tag-mercedes-a0034201620 tag-mercedes-a0034202020 tag-mercedes-a0034202220 tag-mercedes-a0034203520 tag-mercedes-a0044201020 tag-mercedes-a0044202220 tag-mercedes-a0044206020 tag-mercedes-a0064201020 tag-mercedes-a0064201120 tag-neoplan-82135100 tag-sauer-3057007700 tag-sauer-3057007900 tag-sauer-5317002300 tag-scania-1390428 tag-scania-1527633 tag-scania-1734529 tag-scania-1856108 tag-scania-1890861\"><div class=\"clr\"><a class=\"cz_grid_link\" href=\"https:\/\/relaxparts.com\/tr\/heavy-duty-disc-brake-pad-for-trailers-trucks-and-buses\/\" title=\"(English) Heavy Duty Disc Brake Pad for Trailers, Trucks, and Buses\"><img decoding=\"async\" src=\"data:image\/svg+xml,%3Csvg%20xmlns%3D&#39;http%3A%2F%2Fwww.w3.org%2F2000%2Fsvg&#39;%20width=&#39;1000&#39;%20height=&#39;1000&#39;%20viewBox%3D&#39;0%200%201000%201000&#39;%2F%3E\" data-czlz data-src=\"https:\/\/relaxparts.com\/wp-content\/plugins\/codevz-plus\/assets\/img\/p.svg\" class=\"xtra-placeholder \" width=\"1000\" height=\"1000\" alt=\"image\" \/><div class=\"cz_grid_details\"><i class=\"fa fa-search cz_grid_icon\"><\/i><\/div><\/a><div class=\"cz_grid_details cz_grid_details_outside\"><a class=\"cz_grid_title\" href=\"https:\/\/relaxparts.com\/tr\/heavy-duty-disc-brake-pad-for-trailers-trucks-and-buses\/\"><h3>(English) Heavy Duty Disc Brake Pad for Trailers, Trucks, and Buses<\/h3><\/a><small class=\"clr\"><span class=\"cz_post_data cz_data_date\"><a href=\"https:\/\/relaxparts.com\/tr\/heavy-duty-disc-brake-pad-for-trailers-trucks-and-buses\/\">4 A\u011fustos 2025<\/a><\/span><\/small><div class=\"cz_post_excerpt\">Sorry, this entry is only available in English. <\/div><\/div><\/div><\/div><div data-id=\"6150\" class=\"cz_grid_item  cz_posts_list_even post-6150 post type-post status-publish format-standard has-post-thumbnail hentry category-genel tag-brake tag-brake-disc tag-brake-rotor tag-trailer-disc tag-trailer-parts tag-truck-disc tag-truck-parts\"><div class=\"clr\"><a class=\"cz_grid_link\" href=\"https:\/\/relaxparts.com\/tr\/truck-and-trailer-brake-discs-for-reliable-braking-performance\/\" title=\"(English) Truck and Trailer Brake Discs for Reliable Braking Performance\"><img decoding=\"async\" width=\"600\" height=\"400\" src=\"data:image\/svg+xml,%3Csvg%20xmlns%3D&#39;http%3A%2F%2Fwww.w3.org%2F2000%2Fsvg&#39;%20width=&#39;600&#39;%20height=&#39;400&#39;%20viewBox%3D&#39;0%200%20600%20400&#39;%2F%3E\" data-czlz data-src=\"https:\/\/relaxparts.com\/wp-content\/uploads\/2025\/02\/truck-trailer-brake-disc.png\" class=\"attachment-codevz_600_600\" alt=\"\" title=\"truck-trailer-brake-disc\" data-srcset=\"https:\/\/relaxparts.com\/wp-content\/uploads\/2025\/02\/truck-trailer-brake-disc.png 600w, https:\/\/relaxparts.com\/wp-content\/uploads\/2025\/02\/truck-trailer-brake-disc-300x200.png 300w, https:\/\/relaxparts.com\/wp-content\/uploads\/2025\/02\/truck-trailer-brake-disc-64x43.png 64w\" data-sizes=\"(max-width: 600px) 100vw, 600px\" \/><div class=\"cz_grid_details\"><i class=\"fa fa-search cz_grid_icon\"><\/i><\/div><\/a><div class=\"cz_grid_details cz_grid_details_outside\"><a class=\"cz_grid_title\" href=\"https:\/\/relaxparts.com\/tr\/truck-and-trailer-brake-discs-for-reliable-braking-performance\/\"><h3>(English) Truck and Trailer Brake Discs for Reliable Braking Performance<\/h3><\/a><small class=\"clr\"><span class=\"cz_post_data cz_data_date\"><a href=\"https:\/\/relaxparts.com\/tr\/truck-and-trailer-brake-discs-for-reliable-braking-performance\/\">22 \u015eubat 2025<\/a><\/span><\/small><div class=\"cz_post_excerpt\">Sorry, this entry is only available in English. <\/div><\/div><\/div><\/div><div data-id=\"6131\" class=\"cz_grid_item  cz_posts_list_odd post-6131 post type-post status-publish format-standard has-post-thumbnail hentry category-genel tag-axle-parts tag-axles tag-relax-parts tag-semi-trailer tag-semi-trailer-axles tag-trailer-axle tag-trailer-parts\"><div class=\"clr\"><a class=\"cz_grid_link\" href=\"https:\/\/relaxparts.com\/tr\/what-is-a-semi-trailer-axle\/\" title=\"Yar\u0131 R\u00f6mork Dingili Nedir?\"><img decoding=\"async\" width=\"600\" height=\"600\" src=\"data:image\/svg+xml,%3Csvg%20xmlns%3D&#39;http%3A%2F%2Fwww.w3.org%2F2000%2Fsvg&#39;%20width=&#39;600&#39;%20height=&#39;600&#39;%20viewBox%3D&#39;0%200%20600%20600&#39;%2F%3E\" data-czlz data-src=\"https:\/\/relaxparts.com\/wp-content\/uploads\/2023\/08\/1050055612-600x600.jpg\" class=\"attachment-codevz_600_600\" alt=\"\" title=\"1050055612\" data-srcset=\"https:\/\/relaxparts.com\/wp-content\/uploads\/2023\/08\/1050055612-600x600.jpg 600w, https:\/\/relaxparts.com\/wp-content\/uploads\/2023\/08\/1050055612-300x300.jpg 300w, https:\/\/relaxparts.com\/wp-content\/uploads\/2023\/08\/1050055612-150x150.jpg 150w, https:\/\/relaxparts.com\/wp-content\/uploads\/2023\/08\/1050055612-768x768.jpg 768w, https:\/\/relaxparts.com\/wp-content\/uploads\/2023\/08\/1050055612-100x100.jpg 100w, https:\/\/relaxparts.com\/wp-content\/uploads\/2023\/08\/1050055612-64x64.jpg 64w, https:\/\/relaxparts.com\/wp-content\/uploads\/2023\/08\/1050055612.jpg 1000w\" data-sizes=\"(max-width: 600px) 100vw, 600px\" \/><div class=\"cz_grid_details\"><i class=\"fa fa-search cz_grid_icon\"><\/i><\/div><\/a><div class=\"cz_grid_details cz_grid_details_outside\"><a class=\"cz_grid_title\" href=\"https:\/\/relaxparts.com\/tr\/what-is-a-semi-trailer-axle\/\"><h3>Yar\u0131 R\u00f6mork Dingili Nedir?<\/h3><\/a><small class=\"clr\"><span class=\"cz_post_data cz_data_date\"><a href=\"https:\/\/relaxparts.com\/tr\/what-is-a-semi-trailer-axle\/\">8 \u015eubat 2025<\/a><\/span><\/small><div class=\"cz_post_excerpt\">Yar\u0131 R\u00f6mork Dingili Nedir? Yar\u0131 r\u00f6mork dingili, bir yar\u0131 r\u00f6morkun a\u011f\u0131rl\u0131\u011f\u0131n\u0131 ta\u015f\u0131yan ve verimli bir \u015fekilde hareket etmesine yard\u0131mc\u0131 olan kritik bir bile\u015fendir. R\u00f6morkun alt\u0131nda bulunur, tekerlekleri birbirine ba\u011flar ve y\u00fck da\u011f\u0131l\u0131m\u0131 i\u00e7in bir pivot noktas\u0131 g\u00f6revi g\u00f6r\u00fcr. Dingil, r\u00f6morkun dengeli olmas\u0131n\u0131, do\u011fru a\u011f\u0131rl\u0131k dengesine sahip olmas\u0131n\u0131 ve a\u011f\u0131r y\u00fckleri g\u00fcvenli bir \u015fekilde ta\u015f\u0131yabilmesini sa\u011flamada \u00f6nemli bir rol oynar. Yar\u0131 R\u00f6mork Dingili Nas\u0131l \u00c7al\u0131\u015f\u0131r? Yar\u0131 kamyon hareket halindeyken, yar\u0131 r\u00f6mork ...<\/div><\/div><\/div><\/div><\/div><\/div>[\/vc_column][\/vc_row]<\/p>\n<\/section>","protected":false},"excerpt":{"rendered":"<p>[vc_row][vc_column][\/vc_column][\/vc_row] &#8230; <a class=\"cz_readmore\" href=\"https:\/\/relaxparts.com\/tr\/what-is-a-semi-trailer-axle\/\"><i class=\"fa fa-angle-right\" aria-hidden=\"true\"><\/i><span>Read More<\/span><\/a><\/p>\n","protected":false},"author":1,"featured_media":0,"parent":0,"menu_order":0,"comment_status":"closed","ping_status":"closed","template":"","meta":{"footnotes":""},"class_list":["post-6136","page","type-page","status-publish","hentry"],"aioseo_notices":[],"_links":{"self":[{"href":"https:\/\/relaxparts.com\/tr\/wp-json\/wp\/v2\/pages\/6136","targetHints":{"allow":["GET"]}}],"collection":[{"href":"https:\/\/relaxparts.com\/tr\/wp-json\/wp\/v2\/pages"}],"about":[{"href":"https:\/\/relaxparts.com\/tr\/wp-json\/wp\/v2\/types\/page"}],"author":[{"embeddable":true,"href":"https:\/\/relaxparts.com\/tr\/wp-json\/wp\/v2\/users\/1"}],"replies":[{"embeddable":true,"href":"https:\/\/relaxparts.com\/tr\/wp-json\/wp\/v2\/comments?post=6136"}],"version-history":[{"count":4,"href":"https:\/\/relaxparts.com\/tr\/wp-json\/wp\/v2\/pages\/6136\/revisions"}],"predecessor-version":[{"id":6140,"href":"https:\/\/relaxparts.com\/tr\/wp-json\/wp\/v2\/pages\/6136\/revisions\/6140"}],"wp:attachment":[{"href":"https:\/\/relaxparts.com\/tr\/wp-json\/wp\/v2\/media?parent=6136"}],"curies":[{"name":"wp","href":"https:\/\/api.w.org\/{rel}","templated":true}]}}